{"id":7585,"date":"2025-02-18T10:29:47","date_gmt":"2025-02-18T09:29:47","guid":{"rendered":"https:\/\/calio-consulting.com\/?page_id=7585"},"modified":"2026-02-04T21:18:39","modified_gmt":"2026-02-04T20:18:39","slug":"calio-academy-next-events","status":"publish","type":"page","link":"https:\/\/calio-consulting.com\/fr\/calio\/calio-academy\/calio-academy-next-events\/","title":{"rendered":"CALIO Academy &#8211; Next events"},"content":{"rendered":"<div data-colibri-id=\"7585-c1\" class=\"style-2854 style-local-7585-c1 position-relative\">\n  <!---->\n  <div data-colibri-component=\"section\" data-colibri-id=\"7585-c2\" id=\"portfolio\" class=\"h-section h-section-global-spacing d-flex align-items-lg-center align-items-md-center align-items-center style-2855 style-local-7585-c2 position-relative\">\n    <!---->\n    <div style=\"height: 150px; top: calc(-1px);\" class=\"h-separator\">\n      <svg style=\"fill:rgb(0, 118, 138);\" xmlns=\"http:\/\/www.w3.org\/2000\/svg\" viewbox=\"0 0 423.98 306.76\" preserveaspectratio=\"xMinYMin meet\">\n        <path d=\"M0,0V306.76C50.75,145.82,179.48,0,424,0Z\" transform=\"translate(0)\"><\/path>\n      <\/svg>\n    <\/div>\n    <div class=\"h-section-grid-container h-section-boxed-container\">\n      <!---->\n      <div data-colibri-id=\"7585-c3\" class=\"h-row-container gutters-row-lg-2 gutters-row-md-2 gutters-row-0 gutters-row-v-lg-2 gutters-row-v-md-2 gutters-row-v-2 style-2856 style-local-7585-c3 position-relative\">\n        <!---->\n        <div class=\"h-row justify-content-lg-center justify-content-md-center justify-content-center align-items-lg-stretch align-items-md-stretch align-items-stretch gutters-col-lg-2 gutters-col-md-2 gutters-col-0 gutters-col-v-lg-2 gutters-col-v-md-2 gutters-col-v-2\">\n          <!---->\n          <div class=\"h-column h-column-container d-flex h-col-lg-auto h-col-md-auto h-col-auto style-2857-outer style-local-7585-c4-outer\">\n            <div data-colibri-id=\"7585-c4\" class=\"d-flex h-flex-basis h-column__inner h-px-lg-2 h-px-md-2 h-px-2 v-inner-lg-2 v-inner-md-2 v-inner-2 style-2857 style-local-7585-c4 position-relative\">\n              <!---->\n              <!---->\n              <div class=\"w-100 h-y-container h-column__content h-column__v-align flex-basis-100 align-self-lg-start align-self-md-start align-self-start\">\n                <!---->\n                <div data-colibri-id=\"7585-c5\" class=\"style-2858 style-local-7585-c5 position-relative h-element\">\n                  <!---->\n                  <div class=\"h-global-transition-all\"><div id='colibri-7585-c5' class='breadcrumb-wrapper'>    <style type=\"text\/css\">\n        \/* breadcrumb separator symbol *\/\n\n        #colibri-7585-c5        .colibri-breadcrumb > li + li:before {\n            content: \"\/\";\n            white-space: pre;\n        }\n    <\/style>\n\n    \n    <div class=\"colibri-7585-c5-dls-wrapper breadcrumb-items__wrapper\">\n                <ol class=\"breadcrumb colibri-breadcrumb\"><li class=\"breadcrumb-item\"><a href=\"https:\/\/calio-consulting.com\/fr\/\">\n    <svg version=\"1.1\" xmlns=\"http:\/\/www.w3.org\/2000\/svg\" xmlns:xlink=\"http:\/\/www.w3.org\/1999\/xlink\" id=\"home\" viewbox=\"0 0 1664 1896.0833\">\n      <path d=\"M1408 992v480q0 26-19 45t-45 19H960v-384H704v384H320q-26 0-45-19t-19-45V992q0-1 .5-3t.5-3l575-474 575 474q1 2 1 6zm223-69l-62 74q-8 9-21 11h-3q-13 0-21-7L832 424l-692 577q-12 8-24 7-13-2-21-11l-62-74q-8-10-7-23.5T37 878l719-599q32-26 76-26t76 26l244 204V288q0-14 9-23t23-9h192q14 0 23 9t9 23v408l219 182q10 8 11 21.5t-7 23.5z\" \/>\n    <\/svg><\/a><\/li><li class=\"breadcrumb-item\"><a href=\"https:\/\/calio-consulting.com\/fr\/\">Home<\/a><\/li><li class=\"breadcrumb-item\"><a href=\"https:\/\/calio-consulting.com\/fr\/calio\/calio-academy\/\">CALIO Academy<\/a><\/li><\/ol>    <\/div>\n    <\/div><\/div>\n                <\/div>\n              <\/div>\n            <\/div>\n          <\/div>\n        <\/div>\n      <\/div>\n    <\/div>\n  <\/div>\n  <div data-colibri-component=\"section\" data-colibri-id=\"7585-c10\" id=\"content\" class=\"h-section h-section-global-spacing d-flex align-items-lg-center align-items-md-center align-items-center style-2925 style-local-7585-c10 position-relative\">\n    <!---->\n    <!---->\n    <div class=\"h-section-grid-container h-section-fluid-container\">\n      <!---->\n      <div data-colibri-id=\"7585-c11\" class=\"h-row-container gutters-row-lg-0 gutters-row-md-0 gutters-row-0 gutters-row-v-lg-0 gutters-row-v-md-0 gutters-row-v-0 style-2926 style-local-7585-c11 position-relative\">\n        <!---->\n        <div class=\"h-row justify-content-lg-center justify-content-md-center justify-content-center align-items-lg-stretch align-items-md-stretch align-items-stretch gutters-col-lg-0 gutters-col-md-0 gutters-col-0 gutters-col-v-lg-0 gutters-col-v-md-0 gutters-col-v-0\">\n          <!---->\n          <div class=\"h-column h-column-container d-flex h-col-lg-auto h-col-md-auto h-col-auto style-2927-outer style-local-7585-c12-outer\">\n            <div data-colibri-id=\"7585-c12\" class=\"d-flex h-flex-basis h-column__inner h-px-lg-0 h-px-md-0 h-px-0 v-inner-lg-0 v-inner-md-0 v-inner-0 style-2927 style-local-7585-c12 position-relative\">\n              <!---->\n              <!---->\n              <div class=\"w-100 h-y-container h-column__content h-column__v-align flex-basis-100 align-self-lg-center align-self-md-center align-self-center\">\n                <!---->\n                <div data-colibri-id=\"7585-c13\" class=\"h-row-container gutters-row-lg-0 gutters-row-md-0 gutters-row-0 gutters-row-v-lg-0 gutters-row-v-md-0 gutters-row-v-0 style-2928 style-local-7585-c13 position-relative\">\n                  <!---->\n                  <div class=\"h-row justify-content-lg-center justify-content-md-center justify-content-center align-items-lg-stretch align-items-md-stretch align-items-stretch gutters-col-lg-0 gutters-col-md-0 gutters-col-0 gutters-col-v-lg-0 gutters-col-v-md-0 gutters-col-v-0\">\n                    <!---->\n                    <div class=\"h-column h-column-container d-flex h-col-lg-auto h-col-md-auto h-col-auto style-2929-outer style-local-7585-c14-outer\">\n                      <div data-colibri-id=\"7585-c14\" class=\"d-flex h-flex-basis h-column__inner h-ui-empty-state-container h-px-lg-0 h-px-md-0 h-px-0 v-inner-lg-0 v-inner-md-0 v-inner-0 style-2929 style-local-7585-c14 position-relative\">\n                        <!---->\n                        <!---->\n                        <div class=\"w-100 h-y-container h-column__content h-column__v-align flex-basis-auto\">\n                          <!---->\n                        <\/div>\n                      <\/div>\n                    <\/div>\n                    <div class=\"h-column h-column-container d-flex h-col-lg h-col-md h-col-auto style-2931-outer style-local-7585-c15-outer\">\n                      <div data-colibri-id=\"7585-c15\" class=\"d-flex h-flex-basis h-column__inner h-px-lg-0 h-px-md-0 h-px-0 v-inner-lg-0 v-inner-md-0 v-inner-0 style-2931 style-local-7585-c15 position-relative\">\n                        <!---->\n                        <!---->\n                        <div class=\"w-100 h-y-container h-column__content h-column__v-align flex-basis-100 align-self-lg-center align-self-md-center align-self-center\">\n                          <!---->\n                          <div data-colibri-id=\"7585-c16\" class=\"h-global-transition-all h-heading style-2932 style-local-7585-c16 position-relative h-element\">\n                            <!---->\n                            <div class=\"h-heading__outer style-2932 style-local-7585-c16\">\n                              <!---->\n                              <!---->\n                              <h2 class=\"\">Nos prochains \u00e9v\u00e9nements<\/h2>\n                            <\/div>\n                          <\/div>\n                          <div data-colibri-id=\"7585-c17\" class=\"h-lead h-text h-text-component style-2933 style-local-7585-c17 position-relative h-element\">\n                            <!---->\n                            <!---->\n                            <div class=\"\"><\/div>\n                          <\/div>\n                        <\/div>\n                      <\/div>\n                    <\/div>\n                  <\/div>\n                <\/div>\n              <\/div>\n            <\/div>\n          <\/div>\n          <div class=\"h-column h-column-container d-flex h-col-lg-auto h-col-md-auto h-col-auto style-2934-outer style-local-7585-c18-outer\">\n            <div data-colibri-id=\"7585-c18\" class=\"d-flex h-flex-basis h-column__inner h-px-lg-0 h-px-md-0 h-px-0 v-inner-lg-0 v-inner-md-0 v-inner-0 style-2934 style-local-7585-c18 position-relative\">\n              <!---->\n              <!---->\n              <div class=\"w-100 h-y-container h-column__content h-column__v-align flex-basis-100 align-self-lg-center align-self-md-center align-self-center\">\n                <!---->\n                <div data-colibri-id=\"7585-c19\" class=\"d-block style-2935 style-local-7585-c19 position-relative h-element\">\n                  <!---->\n                  <div class=\"h-image__frame-container-outer\">\n                    <div class=\"h-image__frame-container\">\n                      <!---->\n                      <!---->\n                      <img loading=\"lazy\" decoding=\"async\" width=\"2559\" height=\"1440\" src=\"https:\/\/calio-consulting.com\/wp-content\/uploads\/2026\/02\/Calendrier-des-formations-fev-scaled.jpg\" class=\"wp-image-8930 style-2935-image style-local-7585-c19-image\" alt=\"\" srcset=\"https:\/\/calio-consulting.com\/wp-content\/uploads\/2026\/02\/Calendrier-des-formations-fev-scaled.jpg 2560w, https:\/\/calio-consulting.com\/wp-content\/uploads\/2026\/02\/Calendrier-des-formations-fev-300x169.jpg 300w, https:\/\/calio-consulting.com\/wp-content\/uploads\/2026\/02\/Calendrier-des-formations-fev-1024x576.jpg 1024w, https:\/\/calio-consulting.com\/wp-content\/uploads\/2026\/02\/Calendrier-des-formations-fev-768x432.jpg 768w, https:\/\/calio-consulting.com\/wp-content\/uploads\/2026\/02\/Calendrier-des-formations-fev-1536x864.jpg 1536w, https:\/\/calio-consulting.com\/wp-content\/uploads\/2026\/02\/Calendrier-des-formations-fev-2048x1152.jpg 2048w, https:\/\/calio-consulting.com\/wp-content\/uploads\/2026\/02\/Calendrier-des-formations-fev-18x10.jpg 18w\" sizes=\"auto, (max-width: 2559px) 100vw, 2559px\" \/>\n                      <div class=\"h-image__frame h-hide-lg h-hide-md h-hide-sm style-2935-frameImage style-local-7585-c19-frameImage\"><\/div>\n                    <\/div>\n                  <\/div>\n                <\/div>\n              <\/div>\n            <\/div>\n          <\/div>\n        <\/div>\n      <\/div>\n    <\/div>\n  <\/div>\n  <div data-colibri-component=\"section\" data-colibri-id=\"7585-c20\" id=\"reusable-sections\" class=\"h-section h-section-global-spacing d-flex align-items-lg-center align-items-md-center align-items-center style-2920 style-local-7585-c20 position-relative\">\n    <!---->\n    <!---->\n    <div style=\"height: 300px; bottom: calc(-1px);\" class=\"h-separator\">\n      <svg style=\"fill:rgb(0, 118, 138);transform:rotateX(180deg);\" xmlns=\"http:\/\/www.w3.org\/2000\/svg\" viewbox=\"0 0 423.98 306.76\" preserveaspectratio=\"xMaxYMin meet\">\n        <path d=\"M424,0V306.76C373.23,145.82,244.5,0,0,0Z\" transform=\"translate(0)\"><\/path>\n      <\/svg>\n    <\/div>\n    <div class=\"h-section-grid-container h-section-boxed-container\">\n      <!---->\n      <div data-colibri-id=\"7585-c21\" class=\"h-row-container gutters-row-lg-2 gutters-row-md-2 gutters-row-0 gutters-row-v-lg-2 gutters-row-v-md-2 gutters-row-v-2 style-2921 style-local-7585-c21 position-relative\">\n        <!---->\n        <div class=\"h-row justify-content-lg-center justify-content-md-center justify-content-center align-items-lg-stretch align-items-md-stretch align-items-stretch gutters-col-lg-2 gutters-col-md-2 gutters-col-0 gutters-col-v-lg-2 gutters-col-v-md-2 gutters-col-v-2\">\n          <!---->\n          <div class=\"h-column h-column-container d-flex h-col-lg-auto h-col-md-auto h-col-auto style-2922-outer style-local-7585-c22-outer\">\n            <div data-colibri-id=\"7585-c22\" class=\"d-flex h-flex-basis h-column__inner h-px-lg-2 h-px-md-2 h-px-2 v-inner-lg-2 v-inner-md-2 v-inner-2 style-2922 style-local-7585-c22 position-relative\">\n              <!---->\n              <!---->\n              <div class=\"w-100 h-y-container h-column__content h-column__v-align flex-basis-100 align-self-lg-start align-self-md-start align-self-start\">\n                <!---->\n                <div data-colibri-id=\"7585-c23\" class=\"h-x-container style-2923 style-local-7585-c23 position-relative h-element\">\n                  <!---->\n                  <div class=\"h-x-container-inner style-dynamic-7585-c23-group style-2923-spacing style-local-7585-c23-spacing\"><span class=\"h-button__outer style-2924-outer style-local-7585-c24-outer d-inline-flex h-element\"><a h-use-smooth-scroll=\"true\" href=\"https:\/\/calio-consulting.com\/fr\/contact\/\"  data-colibri-id=\"7585-c24\" class=\"d-flex w-100 align-items-center h-button justify-content-lg-center justify-content-md-center justify-content-center style-2924 style-local-7585-c24 position-relative\"><!----><span  class=\"h-svg-icon h-button__icon style-2924-icon style-local-7585-c24-icon\"><!--Icon by Font Awesome (https:\/\/fontawesome.com)-->\n    <svg version=\"1.1\" xmlns=\"http:\/\/www.w3.org\/2000\/svg\" xmlns:xlink=\"http:\/\/www.w3.org\/1999\/xlink\" id=\"pencil\" viewbox=\"0 0 1536 1896.0833\">\n      <path d=\"M363 1536l91-91-235-235-91 91v107h128v128h107zm523-928q0-22-22-22-10 0-17 7l-542 542q-7 7-7 17 0 22 22 22 10 0 17-7l542-542q7-7 7-17zm-54-192l416 416-832 832H0v-416zm683 96q0 53-37 90l-166 166-416-416 166-165q36-38 90-38 53 0 91 38l235 234q37 39 37 91z\"><\/path>\n    <\/svg><\/span> <span>S'inscrire<\/span><\/a>\n                    <\/span>\n                  <\/div>\n                <\/div>\n              <\/div>\n            <\/div>\n          <\/div>\n        <\/div>\n      <\/div>\n    <\/div>\n  <\/div>\n<\/div>","protected":false},"excerpt":{"rendered":"<p>Next events Register<\/p>","protected":false},"author":1,"featured_media":0,"parent":236,"menu_order":0,"comment_status":"closed","ping_status":"closed","template":"page-templates\/homepage.php","meta":{"footnotes":""},"class_list":["post-7585","page","type-page","status-publish","hentry"],"yoast_head":"<!-- This site is optimized with the Yoast SEO plugin v27.4 - https:\/\/yoast.com\/product\/yoast-seo-wordpress\/ -->\n<title>CALIO Academy - Next events - CALIO<\/title>\n<meta name=\"description\" content=\"You want to become an Agile expert, improve your leadership, develop your competencies or optimize your team work?\" \/>\n<meta name=\"robots\" content=\"index, follow, max-snippet:-1, max-image-preview:large, max-video-preview:-1\" \/>\n<link rel=\"canonical\" href=\"https:\/\/calio-consulting.com\/fr\/calio\/calio-academy\/calio-academy-next-events\/\" \/>\n<meta property=\"og:locale\" content=\"fr_FR\" \/>\n<meta property=\"og:type\" content=\"article\" \/>\n<meta property=\"og:title\" content=\"CALIO Academy - Next events - CALIO\" \/>\n<meta property=\"og:description\" content=\"You want to become an Agile expert, improve your leadership, develop your competencies or optimize your team work?\" \/>\n<meta property=\"og:url\" content=\"https:\/\/calio-consulting.com\/fr\/calio\/calio-academy\/calio-academy-next-events\/\" \/>\n<meta property=\"og:site_name\" content=\"CALIO\" \/>\n<meta property=\"article:modified_time\" content=\"2026-02-04T20:18:39+00:00\" \/>\n<meta property=\"og:image\" content=\"https:\/\/calio-consulting.com\/wp-content\/uploads\/2026\/02\/cropped-Calendar-Feb-scaled-1.jpg\" \/>\n\t<meta property=\"og:image:width\" content=\"2559\" \/>\n\t<meta property=\"og:image:height\" content=\"1440\" \/>\n\t<meta property=\"og:image:type\" content=\"image\/jpeg\" \/>\n<meta name=\"twitter:card\" content=\"summary_large_image\" \/>\n<meta name=\"twitter:label1\" content=\"Dur\u00e9e de lecture estim\u00e9e\" \/>\n\t<meta name=\"twitter:data1\" content=\"3 minutes\" \/>\n<script type=\"application\/ld+json\" class=\"yoast-schema-graph\">{\"@context\":\"https:\\\/\\\/schema.org\",\"@graph\":[{\"@type\":\"WebPage\",\"@id\":\"https:\\\/\\\/calio-consulting.com\\\/calio\\\/calio-academy\\\/calio-academy-next-events\\\/\",\"url\":\"https:\\\/\\\/calio-consulting.com\\\/calio\\\/calio-academy\\\/calio-academy-next-events\\\/\",\"name\":\"CALIO Academy - Next events - CALIO\",\"isPartOf\":{\"@id\":\"https:\\\/\\\/calio-consulting.com\\\/#website\"},\"primaryImageOfPage\":{\"@id\":\"https:\\\/\\\/calio-consulting.com\\\/calio\\\/calio-academy\\\/calio-academy-next-events\\\/#primaryimage\"},\"image\":{\"@id\":\"https:\\\/\\\/calio-consulting.com\\\/calio\\\/calio-academy\\\/calio-academy-next-events\\\/#primaryimage\"},\"thumbnailUrl\":\"https:\\\/\\\/calio-consulting.com\\\/wp-content\\\/uploads\\\/2026\\\/02\\\/cropped-Calendar-Feb-scaled-1.jpg\",\"datePublished\":\"2025-02-18T09:29:47+00:00\",\"dateModified\":\"2026-02-04T20:18:39+00:00\",\"description\":\"You want to become an Agile expert, improve your leadership, develop your competencies or optimize your team work?\",\"breadcrumb\":{\"@id\":\"https:\\\/\\\/calio-consulting.com\\\/calio\\\/calio-academy\\\/calio-academy-next-events\\\/#breadcrumb\"},\"inLanguage\":\"fr-FR\",\"potentialAction\":[{\"@type\":\"ReadAction\",\"target\":[\"https:\\\/\\\/calio-consulting.com\\\/calio\\\/calio-academy\\\/calio-academy-next-events\\\/\"]}]},{\"@type\":\"ImageObject\",\"inLanguage\":\"fr-FR\",\"@id\":\"https:\\\/\\\/calio-consulting.com\\\/calio\\\/calio-academy\\\/calio-academy-next-events\\\/#primaryimage\",\"url\":\"https:\\\/\\\/calio-consulting.com\\\/wp-content\\\/uploads\\\/2026\\\/02\\\/cropped-Calendar-Feb-scaled-1.jpg\",\"contentUrl\":\"https:\\\/\\\/calio-consulting.com\\\/wp-content\\\/uploads\\\/2026\\\/02\\\/cropped-Calendar-Feb-scaled-1.jpg\"},{\"@type\":\"BreadcrumbList\",\"@id\":\"https:\\\/\\\/calio-consulting.com\\\/calio\\\/calio-academy\\\/calio-academy-next-events\\\/#breadcrumb\",\"itemListElement\":[{\"@type\":\"ListItem\",\"position\":1,\"name\":\"Home\",\"item\":\"https:\\\/\\\/calio-consulting.com\\\/\"},{\"@type\":\"ListItem\",\"position\":2,\"name\":\"Home\",\"item\":\"https:\\\/\\\/calio-consulting.com\\\/\"},{\"@type\":\"ListItem\",\"position\":3,\"name\":\"CALIO Academy\",\"item\":\"https:\\\/\\\/calio-consulting.com\\\/calio\\\/calio-academy\\\/\"},{\"@type\":\"ListItem\",\"position\":4,\"name\":\"CALIO Academy &#8211; Next events\"}]},{\"@type\":\"WebSite\",\"@id\":\"https:\\\/\\\/calio-consulting.com\\\/#website\",\"url\":\"https:\\\/\\\/calio-consulting.com\\\/\",\"name\":\"CALIO\",\"description\":\"We make transformation happen\",\"publisher\":{\"@id\":\"https:\\\/\\\/calio-consulting.com\\\/#organization\"},\"alternateName\":\"CALIO consulting\",\"potentialAction\":[{\"@type\":\"SearchAction\",\"target\":{\"@type\":\"EntryPoint\",\"urlTemplate\":\"https:\\\/\\\/calio-consulting.com\\\/?s={search_term_string}\"},\"query-input\":{\"@type\":\"PropertyValueSpecification\",\"valueRequired\":true,\"valueName\":\"search_term_string\"}}],\"inLanguage\":\"fr-FR\"},{\"@type\":\"Organization\",\"@id\":\"https:\\\/\\\/calio-consulting.com\\\/#organization\",\"name\":\"CALIO\",\"alternateName\":\"CALIO Academy\",\"url\":\"https:\\\/\\\/calio-consulting.com\\\/\",\"logo\":{\"@type\":\"ImageObject\",\"inLanguage\":\"fr-FR\",\"@id\":\"https:\\\/\\\/calio-consulting.com\\\/#\\\/schema\\\/logo\\\/image\\\/\",\"url\":\"https:\\\/\\\/calio-consulting.com\\\/wp-content\\\/uploads\\\/2023\\\/11\\\/cropped-Logo-CALIO-site.png\",\"contentUrl\":\"https:\\\/\\\/calio-consulting.com\\\/wp-content\\\/uploads\\\/2023\\\/11\\\/cropped-Logo-CALIO-site.png\",\"width\":1673,\"height\":514,\"caption\":\"CALIO\"},\"image\":{\"@id\":\"https:\\\/\\\/calio-consulting.com\\\/#\\\/schema\\\/logo\\\/image\\\/\"}}]}<\/script>\n<!-- \/ Yoast SEO plugin. -->","yoast_head_json":{"title":"CALIO Academy - Next events - CALIO","description":"Vous souhaitez devenir un expert Agile, am\u00e9liorer votre leadership, d\u00e9velopper vos comp\u00e9tences ou optimiser votre travail d'\u00e9quipe ?","robots":{"index":"index","follow":"follow","max-snippet":"max-snippet:-1","max-image-preview":"max-image-preview:large","max-video-preview":"max-video-preview:-1"},"canonical":"https:\/\/calio-consulting.com\/fr\/calio\/calio-academy\/calio-academy-next-events\/","og_locale":"fr_FR","og_type":"article","og_title":"CALIO Academy - Next events - CALIO","og_description":"You want to become an Agile expert, improve your leadership, develop your competencies or optimize your team work?","og_url":"https:\/\/calio-consulting.com\/fr\/calio\/calio-academy\/calio-academy-next-events\/","og_site_name":"CALIO","article_modified_time":"2026-02-04T20:18:39+00:00","og_image":[{"width":2559,"height":1440,"url":"https:\/\/calio-consulting.com\/wp-content\/uploads\/2026\/02\/cropped-Calendar-Feb-scaled-1.jpg","type":"image\/jpeg"}],"twitter_card":"summary_large_image","twitter_misc":{"Dur\u00e9e de lecture estim\u00e9e":"3 minutes"},"schema":{"@context":"https:\/\/schema.org","@graph":[{"@type":"WebPage","@id":"https:\/\/calio-consulting.com\/calio\/calio-academy\/calio-academy-next-events\/","url":"https:\/\/calio-consulting.com\/calio\/calio-academy\/calio-academy-next-events\/","name":"CALIO Academy - Next events - CALIO","isPartOf":{"@id":"https:\/\/calio-consulting.com\/#website"},"primaryImageOfPage":{"@id":"https:\/\/calio-consulting.com\/calio\/calio-academy\/calio-academy-next-events\/#primaryimage"},"image":{"@id":"https:\/\/calio-consulting.com\/calio\/calio-academy\/calio-academy-next-events\/#primaryimage"},"thumbnailUrl":"https:\/\/calio-consulting.com\/wp-content\/uploads\/2026\/02\/cropped-Calendar-Feb-scaled-1.jpg","datePublished":"2025-02-18T09:29:47+00:00","dateModified":"2026-02-04T20:18:39+00:00","description":"Vous souhaitez devenir un expert Agile, am\u00e9liorer votre leadership, d\u00e9velopper vos comp\u00e9tences ou optimiser votre travail d'\u00e9quipe ?","breadcrumb":{"@id":"https:\/\/calio-consulting.com\/calio\/calio-academy\/calio-academy-next-events\/#breadcrumb"},"inLanguage":"fr-FR","potentialAction":[{"@type":"ReadAction","target":["https:\/\/calio-consulting.com\/calio\/calio-academy\/calio-academy-next-events\/"]}]},{"@type":"ImageObject","inLanguage":"fr-FR","@id":"https:\/\/calio-consulting.com\/calio\/calio-academy\/calio-academy-next-events\/#primaryimage","url":"https:\/\/calio-consulting.com\/wp-content\/uploads\/2026\/02\/cropped-Calendar-Feb-scaled-1.jpg","contentUrl":"https:\/\/calio-consulting.com\/wp-content\/uploads\/2026\/02\/cropped-Calendar-Feb-scaled-1.jpg"},{"@type":"BreadcrumbList","@id":"https:\/\/calio-consulting.com\/calio\/calio-academy\/calio-academy-next-events\/#breadcrumb","itemListElement":[{"@type":"ListItem","position":1,"name":"Home","item":"https:\/\/calio-consulting.com\/"},{"@type":"ListItem","position":2,"name":"Home","item":"https:\/\/calio-consulting.com\/"},{"@type":"ListItem","position":3,"name":"CALIO Academy","item":"https:\/\/calio-consulting.com\/calio\/calio-academy\/"},{"@type":"ListItem","position":4,"name":"CALIO Academy &#8211; Next events"}]},{"@type":"WebSite","@id":"https:\/\/calio-consulting.com\/#website","url":"https:\/\/calio-consulting.com\/","name":"CALIO","description":"We make transformation happen","publisher":{"@id":"https:\/\/calio-consulting.com\/#organization"},"alternateName":"CALIO consulting","potentialAction":[{"@type":"SearchAction","target":{"@type":"EntryPoint","urlTemplate":"https:\/\/calio-consulting.com\/?s={search_term_string}"},"query-input":{"@type":"PropertyValueSpecification","valueRequired":true,"valueName":"search_term_string"}}],"inLanguage":"fr-FR"},{"@type":"Organization","@id":"https:\/\/calio-consulting.com\/#organization","name":"CALIO","alternateName":"CALIO Academy","url":"https:\/\/calio-consulting.com\/","logo":{"@type":"ImageObject","inLanguage":"fr-FR","@id":"https:\/\/calio-consulting.com\/#\/schema\/logo\/image\/","url":"https:\/\/calio-consulting.com\/wp-content\/uploads\/2023\/11\/cropped-Logo-CALIO-site.png","contentUrl":"https:\/\/calio-consulting.com\/wp-content\/uploads\/2023\/11\/cropped-Logo-CALIO-site.png","width":1673,"height":514,"caption":"CALIO"},"image":{"@id":"https:\/\/calio-consulting.com\/#\/schema\/logo\/image\/"}}]}},"_links":{"self":[{"href":"https:\/\/calio-consulting.com\/fr\/wp-json\/wp\/v2\/pages\/7585","targetHints":{"allow":["GET"]}}],"collection":[{"href":"https:\/\/calio-consulting.com\/fr\/wp-json\/wp\/v2\/pages"}],"about":[{"href":"https:\/\/calio-consulting.com\/fr\/wp-json\/wp\/v2\/types\/page"}],"author":[{"embeddable":true,"href":"https:\/\/calio-consulting.com\/fr\/wp-json\/wp\/v2\/users\/1"}],"replies":[{"embeddable":true,"href":"https:\/\/calio-consulting.com\/fr\/wp-json\/wp\/v2\/comments?post=7585"}],"version-history":[{"count":5,"href":"https:\/\/calio-consulting.com\/fr\/wp-json\/wp\/v2\/pages\/7585\/revisions"}],"predecessor-version":[{"id":8933,"href":"https:\/\/calio-consulting.com\/fr\/wp-json\/wp\/v2\/pages\/7585\/revisions\/8933"}],"up":[{"embeddable":true,"href":"https:\/\/calio-consulting.com\/fr\/wp-json\/wp\/v2\/pages\/236"}],"wp:attachment":[{"href":"https:\/\/calio-consulting.com\/fr\/wp-json\/wp\/v2\/media?parent=7585"}],"curies":[{"name":"wp","href":"https:\/\/api.w.org\/{rel}","templated":true}]}}