{"id":3,"date":"2023-08-29T17:34:24","date_gmt":"2023-08-29T15:34:24","guid":{"rendered":"http:\/\/calio-consulting.com\/?page_id=3"},"modified":"2025-10-10T18:02:08","modified_gmt":"2025-10-10T16:02:08","slug":"mentions-legales","status":"publish","type":"page","link":"http:\/\/calio-consulting.com\/fr\/mentions-legales\/","title":{"rendered":"General Conditions of\u00a0Use"},"content":{"rendered":"<h2 class=\"wp-block-heading\">Gestion du site<\/h2>\n\n\n\n<p>L\u2019adresse de notre site est : http:\/\/calio-consulting.com.<\/p>\n\n\n\n<p class=\"translation-block\">Responsable de la publication : Audrey Cabrera - CALIO, 6 rue de Tananarive 31200 Toulouse.\nRCS Toulouse 841274897<\/p>\n\n\n\n<h2 class=\"wp-block-heading\">H\u00e9bergement<\/h2>\n\n\n\n<p class=\"translation-block\">H\u00e9bergement OVH<br>\nSAS au capital de 10 000 000 \u20ac<br>\nRCS Roubaix \u2013 Tourcoing 424 761 419 00045<br>\nCode APE 6202A<br>\nN\u00b0 TVA : FR 22 424 761 419<br>\nSi\u00e8ge social : 2 rue Kellermann \u2013 59100 Roubaix \u2013 France.<\/p>\n\n\n\n<h2 class=\"wp-block-heading\">Propri\u00e9t\u00e9 intellectuelle<\/h2>\n\n\n\n<p>Les contenus de ce site (structure, design, texte, image, animation, logo) sont la propri\u00e9t\u00e9 exclusive de leurs auteurs respectifs. Toute repr\u00e9sentation totale ou partielle de ce site est soumise \u00e0 l\u2019autorisation pr\u00e9alable, \u00e9crite et expresse du comit\u00e9 de r\u00e9daction.<\/p>\n\n\n\n<p><em>Cr\u00e9ation de liens vers le site<\/em><br>Le site permet, sans autorisation pr\u00e9alable, la mise en place de liens hypertextes pointant vers ses pages, sous r\u00e9serve que le lien pointant vers une page du site CALIO soit accessible par l\u2019ouverture d\u2019une nouvelle fen\u00eatre \/ onglet ; et de mentionner explicitement la source qui pointera directement sur le contenu vis\u00e9.<\/p>\n\n\n\n<p>Les sites utilisant des liens hypertextes pointant vers une page du site CALIO doivent le faire sans porter atteinte \u00e0 l\u2019image du site et dans le respect des lois relatives \u00e0 la propri\u00e9t\u00e9 intellectuelle, \u00e0 l\u2019informatique et aux libert\u00e9s.<\/p>\n\n\n\n<h2 class=\"wp-block-heading\">Limitation de responsabilit\u00e9<\/h2>\n\n\n\n<p>Nous attachons une grande importance \u00e0 proposer des liens vers des contenus issus de sources externes. Cependant CALIO ne saurait \u00eatre tenu pour responsable des erreurs rencontr\u00e9es sur le site, probl\u00e8mes techniques, interpr\u00e9tation des informations publi\u00e9es et cons\u00e9quences de leur utilisation. En cons\u00e9quence, l\u2019utilisateur reconna\u00eet utiliser ces informations sous sa responsabilit\u00e9 exclusive.<\/p>\n\n\n\n<h2 class=\"wp-block-heading\">Traitement des donn\u00e9es<\/h2>\n\n\n\n<p>Si vous avez un rempli le formulaire sur le site, vous pouvez demander \u00e0 recevoir un fichier contenant toutes les donn\u00e9es personnelles que nous poss\u00e9dons \u00e0 votre sujet, incluant celles que vous nous avez fournies. Vous pouvez \u00e9galement demander la suppression des donn\u00e9es personnelles vous concernant. Cela ne prend pas en compte les donn\u00e9es stock\u00e9es \u00e0 des fins administratives, l\u00e9gales ou pour des raisons de s\u00e9curit\u00e9.<\/p>","protected":false},"excerpt":{"rendered":"<p>Website management Our website address is: http:\/\/calio-consulting.com. Publication manager: Audrey Cabrera &#8211; CALIO, 6 rue de Tananarive 31200 Toulouse.RCS Toulouse 841274897 Web hosting OVH HostingSAS with capital of 10 000 000 \u20acRCS Roubaix \u2013 Tourcoing 424 761 419 00045APE Code 6202AN\u00b0 TVA : FR 22 424 761 419Headquarters: 2 rue Kellermann \u2013 59100 Roubaix \u2013 [&hellip;]<\/p>\n","protected":false},"author":1,"featured_media":0,"parent":0,"menu_order":0,"comment_status":"closed","ping_status":"closed","template":"","meta":{"footnotes":""},"class_list":["post-3","page","type-page","status-publish","hentry"],"yoast_head":"<!-- This site is optimized with the Yoast SEO plugin v27.3 - https:\/\/yoast.com\/product\/yoast-seo-wordpress\/ -->\n<title>General Conditions of\u00a0Use - CALIO<\/title>\n<meta name=\"robots\" content=\"index, follow, max-snippet:-1, max-image-preview:large, max-video-preview:-1\" \/>\n<link rel=\"canonical\" href=\"https:\/\/calio-consulting.com\/fr\/mentions-legales\/\" \/>\n<meta property=\"og:locale\" content=\"fr_FR\" \/>\n<meta property=\"og:type\" content=\"article\" \/>\n<meta property=\"og:title\" content=\"General Conditions of\u00a0Use - CALIO\" \/>\n<meta property=\"og:description\" content=\"Website management Our website address is: http:\/\/calio-consulting.com. Publication manager: Audrey Cabrera &#8211; CALIO, 6 rue de Tananarive 31200 Toulouse.RCS Toulouse 841274897 Web hosting OVH HostingSAS with capital of 10 000 000 \u20acRCS Roubaix \u2013 Tourcoing 424 761 419 00045APE Code 6202AN\u00b0 TVA : FR 22 424 761 419Headquarters: 2 rue Kellermann \u2013 59100 Roubaix \u2013 [&hellip;]\" \/>\n<meta property=\"og:url\" content=\"https:\/\/calio-consulting.com\/fr\/mentions-legales\/\" \/>\n<meta property=\"og:site_name\" content=\"CALIO\" \/>\n<meta property=\"article:modified_time\" content=\"2025-10-10T16:02:08+00:00\" \/>\n<meta name=\"twitter:card\" content=\"summary_large_image\" \/>\n<meta name=\"twitter:label1\" content=\"Dur\u00e9e de lecture estim\u00e9e\" \/>\n\t<meta name=\"twitter:data1\" content=\"2 minutes\" \/>\n<script type=\"application\/ld+json\" class=\"yoast-schema-graph\">{\"@context\":\"https:\\\/\\\/schema.org\",\"@graph\":[{\"@type\":\"WebPage\",\"@id\":\"https:\\\/\\\/calio-consulting.com\\\/mentions-legales\\\/\",\"url\":\"https:\\\/\\\/calio-consulting.com\\\/mentions-legales\\\/\",\"name\":\"General Conditions of\u00a0Use - CALIO\",\"isPartOf\":{\"@id\":\"https:\\\/\\\/calio-consulting.com\\\/#website\"},\"datePublished\":\"2023-08-29T15:34:24+00:00\",\"dateModified\":\"2025-10-10T16:02:08+00:00\",\"breadcrumb\":{\"@id\":\"https:\\\/\\\/calio-consulting.com\\\/mentions-legales\\\/#breadcrumb\"},\"inLanguage\":\"fr-FR\",\"potentialAction\":[{\"@type\":\"ReadAction\",\"target\":[\"https:\\\/\\\/calio-consulting.com\\\/mentions-legales\\\/\"]}]},{\"@type\":\"BreadcrumbList\",\"@id\":\"https:\\\/\\\/calio-consulting.com\\\/mentions-legales\\\/#breadcrumb\",\"itemListElement\":[{\"@type\":\"ListItem\",\"position\":1,\"name\":\"Home\",\"item\":\"https:\\\/\\\/calio-consulting.com\\\/\"},{\"@type\":\"ListItem\",\"position\":2,\"name\":\"General Conditions of\u00a0Use\"}]},{\"@type\":\"WebSite\",\"@id\":\"https:\\\/\\\/calio-consulting.com\\\/#website\",\"url\":\"https:\\\/\\\/calio-consulting.com\\\/\",\"name\":\"CALIO\",\"description\":\"We make transformation happen\",\"publisher\":{\"@id\":\"https:\\\/\\\/calio-consulting.com\\\/#organization\"},\"alternateName\":\"CALIO consulting\",\"potentialAction\":[{\"@type\":\"SearchAction\",\"target\":{\"@type\":\"EntryPoint\",\"urlTemplate\":\"https:\\\/\\\/calio-consulting.com\\\/?s={search_term_string}\"},\"query-input\":{\"@type\":\"PropertyValueSpecification\",\"valueRequired\":true,\"valueName\":\"search_term_string\"}}],\"inLanguage\":\"fr-FR\"},{\"@type\":\"Organization\",\"@id\":\"https:\\\/\\\/calio-consulting.com\\\/#organization\",\"name\":\"CALIO\",\"alternateName\":\"CALIO Academy\",\"url\":\"https:\\\/\\\/calio-consulting.com\\\/\",\"logo\":{\"@type\":\"ImageObject\",\"inLanguage\":\"fr-FR\",\"@id\":\"https:\\\/\\\/calio-consulting.com\\\/#\\\/schema\\\/logo\\\/image\\\/\",\"url\":\"https:\\\/\\\/calio-consulting.com\\\/wp-content\\\/uploads\\\/2023\\\/11\\\/cropped-Logo-CALIO-site.png\",\"contentUrl\":\"https:\\\/\\\/calio-consulting.com\\\/wp-content\\\/uploads\\\/2023\\\/11\\\/cropped-Logo-CALIO-site.png\",\"width\":1673,\"height\":514,\"caption\":\"CALIO\"},\"image\":{\"@id\":\"https:\\\/\\\/calio-consulting.com\\\/#\\\/schema\\\/logo\\\/image\\\/\"}}]}<\/script>\n<!-- \/ Yoast SEO plugin. -->","yoast_head_json":{"title":"General Conditions of\u00a0Use - CALIO","robots":{"index":"index","follow":"follow","max-snippet":"max-snippet:-1","max-image-preview":"max-image-preview:large","max-video-preview":"max-video-preview:-1"},"canonical":"https:\/\/calio-consulting.com\/fr\/mentions-legales\/","og_locale":"fr_FR","og_type":"article","og_title":"General Conditions of\u00a0Use - CALIO","og_description":"Website management Our website address is: http:\/\/calio-consulting.com. Publication manager: Audrey Cabrera &#8211; CALIO, 6 rue de Tananarive 31200 Toulouse.RCS Toulouse 841274897 Web hosting OVH HostingSAS with capital of 10 000 000 \u20acRCS Roubaix \u2013 Tourcoing 424 761 419 00045APE Code 6202AN\u00b0 TVA : FR 22 424 761 419Headquarters: 2 rue Kellermann \u2013 59100 Roubaix \u2013 [&hellip;]","og_url":"https:\/\/calio-consulting.com\/fr\/mentions-legales\/","og_site_name":"CALIO","article_modified_time":"2025-10-10T16:02:08+00:00","twitter_card":"summary_large_image","twitter_misc":{"Dur\u00e9e de lecture estim\u00e9e":"2 minutes"},"schema":{"@context":"https:\/\/schema.org","@graph":[{"@type":"WebPage","@id":"https:\/\/calio-consulting.com\/mentions-legales\/","url":"https:\/\/calio-consulting.com\/mentions-legales\/","name":"General Conditions of\u00a0Use - CALIO","isPartOf":{"@id":"https:\/\/calio-consulting.com\/#website"},"datePublished":"2023-08-29T15:34:24+00:00","dateModified":"2025-10-10T16:02:08+00:00","breadcrumb":{"@id":"https:\/\/calio-consulting.com\/mentions-legales\/#breadcrumb"},"inLanguage":"fr-FR","potentialAction":[{"@type":"ReadAction","target":["https:\/\/calio-consulting.com\/mentions-legales\/"]}]},{"@type":"BreadcrumbList","@id":"https:\/\/calio-consulting.com\/mentions-legales\/#breadcrumb","itemListElement":[{"@type":"ListItem","position":1,"name":"Home","item":"https:\/\/calio-consulting.com\/"},{"@type":"ListItem","position":2,"name":"General Conditions of\u00a0Use"}]},{"@type":"WebSite","@id":"https:\/\/calio-consulting.com\/#website","url":"https:\/\/calio-consulting.com\/","name":"CALIO","description":"We make transformation happen","publisher":{"@id":"https:\/\/calio-consulting.com\/#organization"},"alternateName":"CALIO consulting","potentialAction":[{"@type":"SearchAction","target":{"@type":"EntryPoint","urlTemplate":"https:\/\/calio-consulting.com\/?s={search_term_string}"},"query-input":{"@type":"PropertyValueSpecification","valueRequired":true,"valueName":"search_term_string"}}],"inLanguage":"fr-FR"},{"@type":"Organization","@id":"https:\/\/calio-consulting.com\/#organization","name":"CALIO","alternateName":"CALIO Academy","url":"https:\/\/calio-consulting.com\/","logo":{"@type":"ImageObject","inLanguage":"fr-FR","@id":"https:\/\/calio-consulting.com\/#\/schema\/logo\/image\/","url":"https:\/\/calio-consulting.com\/wp-content\/uploads\/2023\/11\/cropped-Logo-CALIO-site.png","contentUrl":"https:\/\/calio-consulting.com\/wp-content\/uploads\/2023\/11\/cropped-Logo-CALIO-site.png","width":1673,"height":514,"caption":"CALIO"},"image":{"@id":"https:\/\/calio-consulting.com\/#\/schema\/logo\/image\/"}}]}},"_links":{"self":[{"href":"http:\/\/calio-consulting.com\/fr\/wp-json\/wp\/v2\/pages\/3","targetHints":{"allow":["GET"]}}],"collection":[{"href":"http:\/\/calio-consulting.com\/fr\/wp-json\/wp\/v2\/pages"}],"about":[{"href":"http:\/\/calio-consulting.com\/fr\/wp-json\/wp\/v2\/types\/page"}],"author":[{"embeddable":true,"href":"http:\/\/calio-consulting.com\/fr\/wp-json\/wp\/v2\/users\/1"}],"replies":[{"embeddable":true,"href":"http:\/\/calio-consulting.com\/fr\/wp-json\/wp\/v2\/comments?post=3"}],"version-history":[{"count":0,"href":"http:\/\/calio-consulting.com\/fr\/wp-json\/wp\/v2\/pages\/3\/revisions"}],"wp:attachment":[{"href":"http:\/\/calio-consulting.com\/fr\/wp-json\/wp\/v2\/media?parent=3"}],"curies":[{"name":"wp","href":"https:\/\/api.w.org\/{rel}","templated":true}]}}